{"id":566,"date":"2015-10-29T09:28:22","date_gmt":"2015-10-29T09:28:22","guid":{"rendered":"http:\/\/www.riu.com\/blog\/?page_id=566"},"modified":"2018-05-23T17:00:39","modified_gmt":"2018-05-23T15:00:39","slug":"terminos-y-condiciones","status":"publish","type":"page","link":"https:\/\/www.riu.com\/blog\/terminos-y-condiciones\/","title":{"rendered":"Pol\u00edtica de privacidad"},"content":{"rendered":"<p>Proteger y mantener la privacidad de su informaci\u00f3n personal de conformidad con Reglamento General de Protecci\u00f3n de Datos GDPR 2016\/679, es nuestro prop\u00f3sito en materia de protecci\u00f3n de datos y servicios de la sociedad de la informaci\u00f3n en los pa\u00edses donde Riu Hotels est\u00e1 presente y presta sus servicios con las directrices y pol\u00edticas internas<\/p>\n<p>Las siguientes condiciones son aplicables para los servicios de RIU Hotels &amp; Resorts, incluidos los ofrecidos en esta p\u00e1gina web y en todos los sitios y aplicaciones m\u00f3viles de RIU Hotels, as\u00ed como en los servicios prestados en nuestros establecimientos hoteleros. Para el ejercicio de sus derechos en el caso de establecimientos en r\u00e9gimen de gesti\u00f3n indirecta debe dirigirse directamente a ellos, si bien en el caso de no recibir respuesta adecuada le proporcionaremos nuestra ayuda en la soluci\u00f3n de diferencias, siempre que aquellos mantengan relaci\u00f3n con RIU Hotels &amp; Resorts.<\/p>\n<p>RIU Hotels and Resorts, como marca que engloba diferentes empresas, ha centralizado la gesti\u00f3n de los diferentes aspectos relacionados con la privacidad y protecci\u00f3n de datos personales en un \u00fanico encargado del tratamiento. La empresa encargada del tratamiento es:<\/p>\n<p>RIU Hotels &amp; Resorts<br \/>\nC\/ Llaud s\/n (RIU Centre)<br \/>\n07610 Palma de Mallorca \u2013 ESPA\u00d1A<br \/>\nDepartamento de Seguridad y Privacidad<\/p>\n<p>Si posteriormente a la lectura de las presentes condiciones dispone de dudas al respecto o sobre la privacidad de sus datos personales, env\u00ede un correo a privacy@riu.com o una carta a la direcci\u00f3n anterior.<\/p>\n<p>La finalidad de la direcci\u00f3n privacy@riu.com es atender cuestiones de privacidad y protecci\u00f3n de datos, abstenerse de enviar correos sobre aspectos comerciales, de reservas o de recursos humanos.<\/p>\n<p>La presente pol\u00edtica podr\u00e1 ser actualizada en base a modificaciones normativas y legislaciones de los diferentes pa\u00edses en los cuales se prestan nuestros servicios, as\u00ed como con el \u00e1nimo de mejorar nuestro servicio.<\/p>\n<p><strong>PROTECCION DE DATOS PERSONALES<\/strong><\/p>\n<p>De conformidad con lo establecido en las leyes de los pa\u00edses en los cuales operamos, se informa a los usuarios de la presente web, as\u00ed como a las personas que hayan provisto informaci\u00f3n personal a cualquier empresa asociada a la marca RIU Hotels &amp; Resorts o a otros servicios que ofrecemos directa o indirectamente, que el tratamiento de estos datos personales tiene como finalidad la prestaci\u00f3n de los servicios que usted ha elegido contratar. En ning\u00fan caso sus datos ser\u00e1n cedidos para otra finalidad a otras empresas sin que se le informe adecuadamente.<\/p>\n<p><strong>A.- Tratamiento y finalidad de los datos personales.<br \/>\n<\/strong>La finalidad de la recogida y tratamiento de datos personales suministrados por el usuario mediante esta web, en nuestros establecimientos, servicios centrales o a trav\u00e9s de terceros asociados indirectamente para el cumplimiento de nuestras obligaciones se encuentra actualizada en nuestra pol\u00edtica interna de seguridad de la informaci\u00f3n.<\/p>\n<p><strong>B.- Datos recogidos<br \/>\n<\/strong>En la mayor\u00eda de casos corresponder\u00e1 a datos identificativos: nombre, apellidos, direcci\u00f3n, tel\u00e9fono, correo electr\u00f3nico, datos para realizaci\u00f3n de cobro u otras informaciones espec\u00edficas en funci\u00f3n del tratamiento y la finalidad.<\/p>\n<p><strong>C.- Medidas de seguridad<br \/>\n<\/strong>RIU Hotels &amp; Resorts pone en conocimiento de los clientes que ha adoptado las medidas de \u00edndole t\u00e9cnica y organizativas reglamentariamente establecidas que garantizan la seguridad de los datos de car\u00e1cter personal y evitan su alteraci\u00f3n, p\u00e9rdida, tratamiento o acceso no autorizado, habida cuenta del estado de la tecnolog\u00eda, la naturaleza de los datos almacenados y los riesgos a que est\u00e9n expuestos, todo ello de conformidad con lo establecido como m\u00ednimo en las legislaciones de los pa\u00edses en los que RIU Hotels &amp; Resorts est\u00e9 presente.<\/p>\n<p><strong>D.- Consentimiento del usuario para el tratamiento y cesi\u00f3n de los datos personales<\/strong><br \/>\nAl entregar sus datos a RIU Hotels &amp; Resorts o a cualquier empresa asociada a RIU Hotels &amp; Resorts, el usuario manifiesta aceptar de forma explicita las presentes pol\u00edticas, condiciones y reglas de uso, otorgando consentimiento inequ\u00edvoco al tratamiento de sus datos personales conforme a las finalidades informadas. As\u00ed mismo, acepta la cesi\u00f3n de sus datos a las entidades que corresponda para el cumplimiento de las obligaciones de acuerdo con el servicio contratado, exclusivamente para los fines reservados, asegurando que los mismos no ser\u00e1n en ning\u00fan otro caso cedidos a terceros para otro fin, sin el consentimiento adicional del titular. Por obligaci\u00f3n legal y colaboraci\u00f3n con las Autoridades, podr\u00e1n ser entregados a organismos p\u00fablicos que lo requieran, especificando que en estos casos se proveer\u00e1 la m\u00ednima informaci\u00f3n exigida para el cumplimiento legal que corresponda, protegiendo el resto de datos con el mayor rigor.<\/p>\n<p>Al utilizar nuestro proceso de reserva online en riu.com, recopilaremos la informaci\u00f3n sobre el hotel que desea reservar y su direcci\u00f3n de correo electr\u00f3nico a medida que va completando el proceso de reserva. En caso de que no pueda completar la reserva, nos pondremos en contacto con usted con esta informaci\u00f3n para proporcionarle ayuda (por ejemplo, en caso de que tuviese alg\u00fan problema t\u00e9cnico). Al ponernos en contacto con usted para proporcionarle ayuda para completar el proceso de reserva, podr\u00e1 ejercer sus derechos de revocaci\u00f3n del consentimiento.<\/p>\n<p><strong>E.- Excepciones para la autorizaci\u00f3n para el tratamiento de los datos<br \/>\n<\/strong>Para el cumplimiento de nuestras obligaciones con usted, as\u00ed como aquellas que est\u00e9n previstas legalmente, no es necesario disponer de su consentimiento expreso en la cesi\u00f3n de datos, si bien esta web le ofrece informaci\u00f3n de todos los puntos en que se ve afectado, pudiendo ejecutar sus derechos igualmente.<\/p>\n<p><strong>F.- Derechos de acceso, rectificaci\u00f3n, oposici\u00f3n, supresi\u00f3n y revocaci\u00f3n del consentimiento otorgado de los datos<br \/>\n<\/strong>El titular puede ejercer los derechos de acceso, rectificaci\u00f3n, supresi\u00f3n y oposici\u00f3n, as\u00ed como a darse de baja de los servicios de RIU Hotels &amp; Resorts y establecimientos gestionados de forma directa. Igualmente, el usuario puede, en cualquier momento, revocar el consentimiento otorgado para el tratamiento de sus datos, sin que puedan atribuirse a esta revocaci\u00f3n efectos retroactivos.<\/p>\n<p>Los derechos pueden ser ejercidos a trav\u00e9s de:<br \/>\nCorreo ordinario:<br \/>\n<strong>RIU Hotels &amp; Resorts<\/strong><br \/>\nC\/ Llaud s\/n (RIU Centre)<br \/>\n07610 Palma de Mallorca &#8211; ESPA\u00d1A<br \/>\nDepartamento de Seguridad y Privacidad<\/p>\n<p>O bien por correo electr\u00f3nico a trav\u00e9s de la direcci\u00f3n privacy@riu.com<\/p>\n<p><strong>G.- Referidas al empleo y espec\u00edficas de los curriculums.<\/strong><br \/>\nAl cumplimentar una solicitud de empleo, enviar o entregar un curriculum a cualquier empresa relacionada con RIU Hotels &amp; Resorts, el candidato lo hace a las empresas del grupo RIU Hotels &amp; Resorts en ese pa\u00eds, as\u00ed como a la sede central de RIU Hotels &amp; Resorts, a trav\u00e9s de la empresa RIU Hotels &amp; Resorts con objeto de evaluaci\u00f3n del candidato. RIU Hotels &amp; Resorts cumple las normas legales de protecci\u00f3n de datos que sean aplicables y establece mecanismos y procedimientos de seguridad para dicha gesti\u00f3n, habida cuenta del estado de la tecnolog\u00eda, todo ello de conformidad con lo establecido en las leyes de los diferentes pa\u00edses. Se informa al candidato que los datos personales que facilite, incluidos los datos curriculares, ser\u00e1n incorporados a un fichero registrado ante la Agencia Espa\u00f1ola de Protecci\u00f3n de Datos, cuyo titular es RIU Hotels &amp; Resorts.<\/p>\n<p>Los datos que se suministren o entreguen son recabados por RIU Hotels &amp; Resorts con la finalidad de gesti\u00f3n de su base de datos de selecci\u00f3n. Cada titular acepta y autoriza a tratar los datos personales suministrados a nuestra base de datos de selecci\u00f3n de RRHH, as\u00ed como de forma inequ\u00edvoca el tratamiento o la cesi\u00f3n de informaci\u00f3n para los fines explicitados a cualquier empresa del Grupo de empresas RIU Hotels &amp; Resorts. El titular del mismo puede revocar el consentimiento otorgado en cualquier momento, sin que se pueda atribuir al revocamiento efectos retroactivos. RIU Hotels &amp; Resorts informa al titular de que puede ejercer sus derechos de acceso, rectificaci\u00f3n, supresi\u00f3n y oposici\u00f3n como se indica en esta pol\u00edtica.<\/p>\n<p><strong>H.- Referidas a las reservas o suscripciones realizadas en el sitio web.<br \/>\n<\/strong>En las reservas de servicios realizadas en esta p\u00e1gina web, los datos personales que proporcionen pasar\u00e1n a formar parte de RIU Hotels &amp; Resorts y de la empresa comercializadora del hotel, cuyos datos aparecer\u00e1n en el bono, proforma o factura que se le adjunte (en caso de no realizar o confirmar la reserva, no se conservar\u00e1n datos salvo aquellos con fines estrictos de seguridad, para asegurar el buen funcionamiento del comercio electr\u00f3nico).<\/p>\n<p><strong>I.-Env\u00edo de informaci\u00f3n por correo electr\u00f3nico, suscripci\u00f3n y newsletters<\/strong><br \/>\nEl tratamiento de datos de car\u00e1cter personal, as\u00edc omo el env\u00edo de comunicaciones comerciales realizadas por medios electr\u00f3nicos, es conforme a las Leyes relacionadas con el comercio electr\u00f3nico e internet y sigue las buenas pr\u00e1cticas y est\u00e1ndares internacionales, bas\u00e1ndose en las reglas generales de las directivas europeas sobre privacidad. En nuestras comunicaciones de promoci\u00f3n y publicidad de nuestros establecimientos y servicios siempre deber\u00e1 existir una direcci\u00f3n en donde pueda darse de baja del servicio que le ha proporcionado informaci\u00f3n a trav\u00e9s de un enlace a una p\u00e1gina web, o a trav\u00e9s de la direcci\u00f3n de correo que se lo ha remitido, procediendo a dar de baja su direcci\u00f3n de correo, en caso de detectar alguna anomal\u00eda le agradeceremos que se ponga en contacto con la direcci\u00f3n privacy@riu.com.<\/p>\n<p>En el caso de suscripci\u00f3n a newsletters, noticias o similares en nuestra web, sus datos pasar\u00e1n a formar parte de RIU Hotels &amp; Resorts.<\/p>\n<p>De acuerdo a las normativas existentes, la informaci\u00f3n puede ser cedida a terceras empresas nacionales o internacionales directamente relacionadas para la prestaci\u00f3n del servicio por el cual nos ha contratado, as\u00ed como a encargados de tratamiento locales o internaciones que cumplan las directivas de la Uni\u00f3n Europea<\/p>\n<p><strong>J.- Informaci\u00f3n de menores<\/strong><br \/>\nRIU Hotels &amp; Resorts no pretende obtener informaci\u00f3n directamente de menores, aunque no siempre podemos determinar la edad de las personas que acceden a nuestra web, en todo caso cuando esto se detecte ser\u00e1 requerido tanto en la web como en nuestros establecimientos la autorizaci\u00f3n de los padres o tutores legales de los mismos.<\/p>\n<p>&nbsp;<\/p>\n<p id=\"cookies\"><strong>COOKIES<\/strong><\/p>\n<p><strong>A.- Cookies e Identificaci\u00f3n de dispositivos.<\/strong><\/p>\n<p>Los sitios web de RIU Hotels &amp; Resorts utilizan cookies, que son peque\u00f1os textos encriptados que se almacenan en el ordenador o dispositivo (smartphone, tablet, smartTV,&#8230;) con el que el usuario accede. Quedan disponibles en su disco duro o sistema de almacenamiento y su navegador puede utilizarlas en el futuro. La configuraci\u00f3n de su navegador le permitir\u00e1 aceptar o denegar la grabaci\u00f3n y\/o utilizaci\u00f3n de las cookies.<\/p>\n<p>Si usted usa o accede a nuestra web consiente al uso de cookies de RIU Hotels &amp; Resorts y de los terceros que ofrecen servicios de publicidad. En esta p\u00e1gina dispone de las herramientas que le permitir\u00e1n configurar su navegador de forma adecuada.<\/p>\n<p><strong>A.1.- Tipos de Cookies que utilizamos en RIU Hotels &amp; Resorts.<\/strong><\/p>\n<p>En las webs de RIU Hotels &amp; Resorts utilizamos diferentes tipos de cookies algunas son estrictamente necesarias para proporcionarle algunos de nuestros servicios en la web y asegurar diferentes aspectos relacionados con la seguridad (como ejemplo m\u00e1s claro, el uso de esta tecnolog\u00eda es necesario para que usted pueda realizar una reserva con nosotros). Disponemos adicionalmente de cookies de funcionalidad y rendimiento, estas permiten que su visita en nuestra web se ajuste a sus necesidades y uso, as\u00ed como mejorar el rendimiento para que su experiencia sea satisfactoria.<\/p>\n<p>En RIU utilizamos cookies para los siguientes casos:<\/p>\n<ul>\n<li>Para reservas web.<\/li>\n<li>Usabilidad y funcionalidad de nuestra web (recordar sus preferencias, por qu\u00e9 p\u00e1ginas ha navegado).<\/li>\n<li>Fines estad\u00edsticos, siempre sin almacenar informaci\u00f3n individualizada.<\/li>\n<li>Mejora del rendimiento (identificando los tiempos que tarda en llegarle la informaci\u00f3n,\u2026).<\/li>\n<li>Para poder identificar al usuario en el caso de que haya respondido a una campa\u00f1a y as\u00ed poder proporcionarle las ofertas indicadas en la misma.<\/li>\n<li>En caso de que sea un visitante recurrente, para guardar b\u00fasquedas previamente realizadas con tal de facilitar la navegaci\u00f3n, u otros aspectos orientados al mismo fin.<\/li>\n<li>Nunca se utilizan cookies con informaci\u00f3n personal.<\/li>\n<\/ul>\n<table>\n<thead>\n<tr>\n<th>Cookies<\/th>\n<th>Life Time<\/th>\n<th>Type<\/th>\n<\/tr>\n<\/thead>\n<tbody>\n<tr>\n<td>__sonar<\/td>\n<td>2 years<\/td>\n<td>Performance<\/td>\n<\/tr>\n<tr>\n<td>__utma<\/td>\n<td>2 years<\/td>\n<td>Analytics<\/td>\n<\/tr>\n<tr>\n<td>__utmb<\/td>\n<td>1 day<\/td>\n<td>Analytics<\/td>\n<\/tr>\n<tr>\n<td>__utmc<\/td>\n<td>session<\/td>\n<td>Analytics<\/td>\n<\/tr>\n<tr>\n<td>__utmt<\/td>\n<td>1 day<\/td>\n<td>Analytics<\/td>\n<\/tr>\n<tr>\n<td>__utmc_elisa<\/td>\n<td>1 day<\/td>\n<td>Analytics<\/td>\n<\/tr>\n<tr>\n<td>__utmz<\/td>\n<td>6 months<\/td>\n<td>Analytics<\/td>\n<\/tr>\n<tr>\n<td>_ab_proceso_reserva_chosen_cohort<\/td>\n<td>1 month<\/td>\n<td>AB testing<\/td>\n<\/tr>\n<tr>\n<td>_ab_RWD_HOME_HEADER_FOOTER<\/td>\n<td>1 month<\/td>\n<td>AB testing<\/td>\n<\/tr>\n<tr>\n<td>__dc_gtm_UA-XXXX<\/td>\n<td>1 day<\/td>\n<td>Analytics<\/td>\n<\/tr>\n<tr>\n<td>_msuuid_2204l7214850_XXXX<\/td>\n<td>1 day<\/td>\n<td>Performance<\/td>\n<\/tr>\n<tr>\n<td>mobile<\/td>\n<td>1 day<\/td>\n<td>Traffic type<\/td>\n<\/tr>\n<tr>\n<td>s_cc<\/td>\n<td>Session<\/td>\n<td>Analytics<\/td>\n<\/tr>\n<tr>\n<td>s_sq<\/td>\n<td>Session<\/td>\n<td>Analytics<\/td>\n<\/tr>\n<tr>\n<td>JSSESIONID<\/td>\n<td>Session<\/td>\n<td>ID session<\/td>\n<\/tr>\n<tr>\n<td>fp_cookieWarningSeen<\/td>\n<td>2 years<\/td>\n<td>Msg cookies<\/td>\n<\/tr>\n<\/tbody>\n<\/table>\n<p><strong>A.2 Gestione sus cookies.<\/strong><\/p>\n<p>Usted puede ver, borrar o gestionar las cookies presentes en su dispositivo, as\u00ed como bloquear las cookies de RIU o de los terceros relacionados, o bien de cualquier otra web. Los navegadores le permiten desde implementar s\u00f3lo cookies de la web que visita o bloquear las cookies de publicidad de terceros.<\/p>\n<p>Mediante estos enlaces usted podr\u00e1 adquirir informaci\u00f3n sobre c\u00f3mo configurar su navegador:<\/p>\n<p><a href=\"http:\/\/support.mozilla.org\/en-US\/kb\/cookies-information-websites-store-on-your-computer?redirectlocale=en-US&amp;redirectslug=Cookies\" target=\"_blank\" rel=\"noopener\">Firefox &amp; Thunderbird<\/a><\/p>\n<p><a href=\"http:\/\/windows.microsoft.com\/en-US\/internet-explorer\/delete-manage-cookies#ie=ie-11\" target=\"_blank\" rel=\"noopener\">Internet Explorer<\/a><\/p>\n<p><a href=\"http:\/\/support.google.com\/chrome\/bin\/answer.py?hl=en&amp;answer=95647\" target=\"_blank\" rel=\"noopener\">Google Chrome<\/a><\/p>\n<p><a href=\"http:\/\/support.apple.com\/kb\/PH11913\" target=\"_blank\" rel=\"noopener\">Safari<\/a><\/p>\n<p><a href=\"http:\/\/www.opera.com\/browser\/tutorials\/security\/privacy\/\" target=\"_blank\" rel=\"noopener\">Opera<\/a><\/p>\n<p>Por favor sea consciente que al no permitir determinadas cookies puede afectar a la calidad de su experiencia en nuestros sitios web.<\/p>\n<p>Puede visitar www.allaboutcookies.org o www.aboutcookies.org que contienen informaci\u00f3n clara del funcionamiento y de las herramientas a su disposici\u00f3n para gestionar las cookies, dependiendo de la aplicaci\u00f3n y dispositivo utilizado.<\/p>\n<p>Para gestionar las cookies publicitarias, webs como www.youronlinechoices.com le permiten gestionar de forma general sus preferencias de los principales proveedores de servicios de publicidad.<\/p>\n<p><strong>A.3 Contenidos embebidos de terceros en nuestras p\u00e1ginas.<br \/>\n<\/strong>RIU utiliza contenidos tales como fotos y videos de sitios web como YouTube y Flickr, quienes pueden necesitar el uso de cookies. En estos casos RIU Hotels &amp; Resorts no puede controlar la difusi\u00f3n de las mismas, dir\u00edjase a la pol\u00edtica de privacidad y cookies de estos sitios webs de terceros para poder gestionarlas u obtener informaci\u00f3n adicional.<\/p>\n<p><strong>B.- Web Beacons &amp; Pixel tags.<br \/>\n<\/strong>RIU Hotels &amp; Resorts y sus encargados de tratamiento pueden utilizar Web Beacons y Pixel Tags en sus correos electr\u00f3nicos y p\u00e1ginas HTML. Estos sistemas no se utilizan para recabar datos personales, excepto aquellos que usted nos entrega cuando realiza transacciones en RIU Hotels &amp; Resorts.<\/p>\n<p>Estos mecanismos sirven para determinar si usted ha visualizado el email o la p\u00e1gina y de esta forma poder realizar un seguimiento estad\u00edstico de la informaci\u00f3n que es accedida. Estos \u00faltimos no disponen de ning\u00fan efecto si usted procede a deshabilitar las cookies en su navegador o aplicaci\u00f3n de correo electr\u00f3nico.<\/p>\n<p><strong>C.- Otras informaciones que recabamos.<br \/>\n<\/strong>Para intentar proporcionarle una experiencia m\u00e1s agradable en nuestra comunicaci\u00f3n electr\u00f3nica con usted y que la misma sea m\u00e1s segura recabamos informaci\u00f3n como:<\/p>\n<p>Informaciones de IP, idioma, navegador , otros relacionados con la conexi\u00f3n o el m\u00e9todo\/aplicaci\u00f3n de acceso, determinar si puede recibir informaci\u00f3n en formato HTML y aquella informaci\u00f3n no personal proporcionada por la aplicaci\u00f3n con la que accede.<\/p>\n<p>RIU Hotels &amp; Resorts informa que registrar\u00e1 informaci\u00f3n relativa a conexiones que se establezcan por la web o por correo electr\u00f3nico a efectos de gestionar incidencias, mejorar el rendimiento web, nuestro servicio y a efectos de gesti\u00f3n de la seguridad.<\/p>\n<p>Mayo 2018<\/p>\n","protected":false},"excerpt":{"rendered":"Proteger y mantener la privacidad de su informaci\u00f3n personal de conformidad con Reglamento General de Protecci\u00f3n de Datos GDPR 2016\/679, es nuestro prop\u00f3sito en materia de protecci\u00f3n de datos y servicios de la sociedad de la informaci\u00f3n en los pa\u00edses donde Riu Hotels est\u00e1 presente y presta sus servicios con las directrices y pol\u00edticas internas&#8230;","protected":false},"author":3,"featured_media":0,"parent":0,"menu_order":0,"comment_status":"open","ping_status":"closed","template":"","meta":{"_acf_changed":false,"footnotes":""},"class_list":["post-566","page","type-page","status-publish","hentry"],"acf":[],"yoast_head":"<!-- This site is optimized with the Yoast SEO plugin v27.2 - https:\/\/yoast.com\/product\/yoast-seo-wordpress\/ -->\n<title>Pol\u00edtica de privacidad - RIU.com | Blog<\/title>\n<meta name=\"robots\" content=\"index, follow, max-snippet:-1, max-image-preview:large, max-video-preview:-1\" \/>\n<link rel=\"canonical\" href=\"https:\/\/www.riu.com\/blog\/terminos-y-condiciones\/\" \/>\n<meta property=\"og:locale\" content=\"es_ES\" \/>\n<meta property=\"og:type\" content=\"article\" \/>\n<meta property=\"og:title\" content=\"Pol\u00edtica de privacidad - RIU.com | Blog\" \/>\n<meta property=\"og:description\" content=\"Proteger y mantener la privacidad de su informaci\u00f3n personal de conformidad con Reglamento General de Protecci\u00f3n de Datos GDPR 2016\/679, es nuestro prop\u00f3sito en materia de protecci\u00f3n de datos y servicios de la sociedad de la informaci\u00f3n en los pa\u00edses donde Riu Hotels est\u00e1 presente y presta sus servicios con las directrices y pol\u00edticas internas...\" \/>\n<meta property=\"og:url\" content=\"https:\/\/www.riu.com\/blog\/terminos-y-condiciones\/\" \/>\n<meta property=\"og:site_name\" content=\"RIU.com | Blog\" \/>\n<meta property=\"article:modified_time\" content=\"2018-05-23T15:00:39+00:00\" \/>\n<meta name=\"twitter:card\" content=\"summary_large_image\" \/>\n<meta name=\"twitter:label1\" content=\"Tiempo de lectura\" \/>\n\t<meta name=\"twitter:data1\" content=\"13 minutos\" \/>\n<script type=\"application\/ld+json\" class=\"yoast-schema-graph\">{\"@context\":\"https:\/\/schema.org\",\"@graph\":[{\"@type\":\"WebPage\",\"@id\":\"https:\/\/www.riu.com\/blog\/terminos-y-condiciones\/\",\"url\":\"https:\/\/www.riu.com\/blog\/terminos-y-condiciones\/\",\"name\":\"Pol\u00edtica de privacidad - RIU.com | Blog\",\"isPartOf\":{\"@id\":\"https:\/\/www.riu.com\/blog\/de\/#website\"},\"datePublished\":\"2015-10-29T09:28:22+00:00\",\"dateModified\":\"2018-05-23T15:00:39+00:00\",\"breadcrumb\":{\"@id\":\"https:\/\/www.riu.com\/blog\/terminos-y-condiciones\/#breadcrumb\"},\"inLanguage\":\"es\",\"potentialAction\":[{\"@type\":\"ReadAction\",\"target\":[\"https:\/\/www.riu.com\/blog\/terminos-y-condiciones\/\"]}]},{\"@type\":\"BreadcrumbList\",\"@id\":\"https:\/\/www.riu.com\/blog\/terminos-y-condiciones\/#breadcrumb\",\"itemListElement\":[{\"@type\":\"ListItem\",\"position\":1,\"name\":\"Portada\",\"item\":\"https:\/\/www.riu.com\/blog\/de\/\"},{\"@type\":\"ListItem\",\"position\":2,\"name\":\"Pol\u00edtica de privacidad\"}]},{\"@type\":\"WebSite\",\"@id\":\"https:\/\/www.riu.com\/blog\/de\/#website\",\"url\":\"https:\/\/www.riu.com\/blog\/de\/\",\"name\":\"RIU.com | Blog\",\"description\":\"Blog de Riu Hotels &amp; Resorts | Noticias exclusivas de la cadena Riu Hotels &amp; Resorts | Hoteles en Espa\u00f1a, M\u00e9xico, Jamaica, Rep\u00fablica Dominicana, Portugal, Miami y muchos m\u00e1s.\",\"potentialAction\":[{\"@type\":\"SearchAction\",\"target\":{\"@type\":\"EntryPoint\",\"urlTemplate\":\"https:\/\/www.riu.com\/blog\/de\/?s={search_term_string}\"},\"query-input\":{\"@type\":\"PropertyValueSpecification\",\"valueRequired\":true,\"valueName\":\"search_term_string\"}}],\"inLanguage\":\"es\"}]}<\/script>\n<!-- \/ Yoast SEO plugin. -->","yoast_head_json":{"title":"Pol\u00edtica de privacidad - RIU.com | Blog","robots":{"index":"index","follow":"follow","max-snippet":"max-snippet:-1","max-image-preview":"max-image-preview:large","max-video-preview":"max-video-preview:-1"},"canonical":"https:\/\/www.riu.com\/blog\/terminos-y-condiciones\/","og_locale":"es_ES","og_type":"article","og_title":"Pol\u00edtica de privacidad - RIU.com | Blog","og_description":"Proteger y mantener la privacidad de su informaci\u00f3n personal de conformidad con Reglamento General de Protecci\u00f3n de Datos GDPR 2016\/679, es nuestro prop\u00f3sito en materia de protecci\u00f3n de datos y servicios de la sociedad de la informaci\u00f3n en los pa\u00edses donde Riu Hotels est\u00e1 presente y presta sus servicios con las directrices y pol\u00edticas internas...","og_url":"https:\/\/www.riu.com\/blog\/terminos-y-condiciones\/","og_site_name":"RIU.com | Blog","article_modified_time":"2018-05-23T15:00:39+00:00","twitter_card":"summary_large_image","twitter_misc":{"Tiempo de lectura":"13 minutos"},"schema":{"@context":"https:\/\/schema.org","@graph":[{"@type":"WebPage","@id":"https:\/\/www.riu.com\/blog\/terminos-y-condiciones\/","url":"https:\/\/www.riu.com\/blog\/terminos-y-condiciones\/","name":"Pol\u00edtica de privacidad - RIU.com | Blog","isPartOf":{"@id":"https:\/\/www.riu.com\/blog\/de\/#website"},"datePublished":"2015-10-29T09:28:22+00:00","dateModified":"2018-05-23T15:00:39+00:00","breadcrumb":{"@id":"https:\/\/www.riu.com\/blog\/terminos-y-condiciones\/#breadcrumb"},"inLanguage":"es","potentialAction":[{"@type":"ReadAction","target":["https:\/\/www.riu.com\/blog\/terminos-y-condiciones\/"]}]},{"@type":"BreadcrumbList","@id":"https:\/\/www.riu.com\/blog\/terminos-y-condiciones\/#breadcrumb","itemListElement":[{"@type":"ListItem","position":1,"name":"Portada","item":"https:\/\/www.riu.com\/blog\/de\/"},{"@type":"ListItem","position":2,"name":"Pol\u00edtica de privacidad"}]},{"@type":"WebSite","@id":"https:\/\/www.riu.com\/blog\/de\/#website","url":"https:\/\/www.riu.com\/blog\/de\/","name":"RIU.com | Blog","description":"Blog de Riu Hotels &amp; Resorts | Noticias exclusivas de la cadena Riu Hotels &amp; Resorts | Hoteles en Espa\u00f1a, M\u00e9xico, Jamaica, Rep\u00fablica Dominicana, Portugal, Miami y muchos m\u00e1s.","potentialAction":[{"@type":"SearchAction","target":{"@type":"EntryPoint","urlTemplate":"https:\/\/www.riu.com\/blog\/de\/?s={search_term_string}"},"query-input":{"@type":"PropertyValueSpecification","valueRequired":true,"valueName":"search_term_string"}}],"inLanguage":"es"}]}},"_links":{"self":[{"href":"https:\/\/www.riu.com\/blog\/wp-json\/wp\/v2\/pages\/566","targetHints":{"allow":["GET"]}}],"collection":[{"href":"https:\/\/www.riu.com\/blog\/wp-json\/wp\/v2\/pages"}],"about":[{"href":"https:\/\/www.riu.com\/blog\/wp-json\/wp\/v2\/types\/page"}],"author":[{"embeddable":true,"href":"https:\/\/www.riu.com\/blog\/wp-json\/wp\/v2\/users\/3"}],"replies":[{"embeddable":true,"href":"https:\/\/www.riu.com\/blog\/wp-json\/wp\/v2\/comments?post=566"}],"version-history":[{"count":10,"href":"https:\/\/www.riu.com\/blog\/wp-json\/wp\/v2\/pages\/566\/revisions"}],"predecessor-version":[{"id":10356,"href":"https:\/\/www.riu.com\/blog\/wp-json\/wp\/v2\/pages\/566\/revisions\/10356"}],"wp:attachment":[{"href":"https:\/\/www.riu.com\/blog\/wp-json\/wp\/v2\/media?parent=566"}],"curies":[{"name":"wp","href":"https:\/\/api.w.org\/{rel}","templated":true}]}}